{"id":9626,"date":"2025-05-07T09:41:39","date_gmt":"2025-05-07T07:41:39","guid":{"rendered":"https:\/\/dstsardegna.it\/?page_id=9626"},"modified":"2025-05-07T12:36:31","modified_gmt":"2025-05-07T10:36:31","slug":"plongee-en-apnee-a-partir-de-golfo-aranci","status":"publish","type":"page","link":"https:\/\/www.dstsardegna.it\/fr\/escursioni-snorkeling-tavolara\/snorkeling-da-golfo-aranci\/","title":{"rendered":"Plong\u00e9e en apn\u00e9e dans la Tavolara depuis Golfo Aranci"},"content":{"rendered":"<div data-elementor-type=\"wp-page\" data-elementor-id=\"9626\" class=\"elementor elementor-9626\" data-elementor-post-type=\"page\">\n\t\t\t\t<div class=\"elementor-element elementor-element-4d5a3f2b e-flex e-con-boxed e-con e-parent\" data-id=\"4d5a3f2b\" data-element_type=\"container\" data-e-type=\"container\" data-settings=\"{&quot;background_background&quot;:&quot;classic&quot;,&quot;jet_parallax_layout_list&quot;:[]}\">\n\t\t\t\t\t<div class=\"e-con-inner\">\n\t\t<div class=\"elementor-element elementor-element-7ddae16b e-con-full e-flex e-con e-child\" data-id=\"7ddae16b\" data-element_type=\"container\" data-e-type=\"container\" data-settings=\"{&quot;jet_parallax_layout_list&quot;:[]}\">\n\t\t\t\t<div class=\"elementor-element elementor-element-2a74846e elementor-widget elementor-widget-theme-site-logo elementor-widget-image\" data-id=\"2a74846e\" data-element_type=\"widget\" data-e-type=\"widget\" data-widget_type=\"theme-site-logo.default\">\n\t\t\t\t<div class=\"elementor-widget-container\">\n\t\t\t\t\t\t\t\t\t\t\t<a href=\"https:\/\/www.dstsardegna.it\/fr\">\n\t\t\t<img fetchpriority=\"high\" decoding=\"async\" width=\"400\" height=\"252\" src=\"https:\/\/www.dstsardegna.it\/wp-content\/uploads\/cropped-Logo-DST-1.png\" class=\"attachment-full size-full wp-image-9091\" alt=\"\" srcset=\"https:\/\/www.dstsardegna.it\/wp-content\/uploads\/cropped-Logo-DST-1.png 400w, https:\/\/www.dstsardegna.it\/wp-content\/uploads\/cropped-Logo-DST-1-300x189.png 300w, https:\/\/www.dstsardegna.it\/wp-content\/uploads\/cropped-Logo-DST-1-18x12.png 18w\" sizes=\"(max-width: 400px) 100vw, 400px\" title=\"\">\t\t\t\t<\/a>\n\t\t\t\t\t\t\t\t\t\t\t<\/div>\n\t\t\t\t<\/div>\n\t\t\t\t<\/div>\n\t\t<div class=\"elementor-element elementor-element-cf93d4c e-con-full e-flex e-con e-child\" data-id=\"cf93d4c\" data-element_type=\"container\" data-e-type=\"container\" data-settings=\"{&quot;jet_parallax_layout_list&quot;:[]}\">\n\t\t\t\t<div class=\"elementor-element elementor-element-573b198d elementor-mobile-align-right elementor-align-right elementor-widget elementor-widget-button\" data-id=\"573b198d\" data-element_type=\"widget\" data-e-type=\"widget\" data-widget_type=\"button.default\">\n\t\t\t\t<div class=\"elementor-widget-container\">\n\t\t\t\t\t\t\t\t\t<div class=\"elementor-button-wrapper\">\n\t\t\t\t\t<a class=\"elementor-button elementor-button-link elementor-size-sm\" href=\"https:\/\/www.dstsardegna.it\/fr\/escursioni-snorkeling-tavolara\/\">\n\t\t\t\t\t\t<span class=\"elementor-button-content-wrapper\">\n\t\t\t\t\t\t<span class=\"elementor-button-icon\">\n\t\t\t\t<i aria-hidden=\"true\" class=\"fas fa-arrow-left\"><\/i>\t\t\t<\/span>\n\t\t\t\t\t\t\t\t\t<span class=\"elementor-button-text\">Retour<\/span>\n\t\t\t\t\t<\/span>\n\t\t\t\t\t<\/a>\n\t\t\t\t<\/div>\n\t\t\t\t\t\t\t\t<\/div>\n\t\t\t\t<\/div>\n\t\t\t\t<\/div>\n\t\t\t\t\t<\/div>\n\t\t\t\t<\/div>\n\t\t<div class=\"elementor-element elementor-element-36a7a27 e-flex e-con-boxed e-con e-parent\" data-id=\"36a7a27\" data-element_type=\"container\" data-e-type=\"container\" data-settings=\"{&quot;jet_parallax_layout_list&quot;:[]}\">\n\t\t\t\t\t<div class=\"e-con-inner\">\n\t\t\t\t<div class=\"elementor-element elementor-element-c694f29 elementor-widget elementor-widget-heading\" data-id=\"c694f29\" data-element_type=\"widget\" data-e-type=\"widget\" data-widget_type=\"heading.default\">\n\t\t\t\t<div class=\"elementor-widget-container\">\n\t\t\t\t\t<p class=\"elementor-heading-title elementor-size-default\">Plong\u00e9e en apn\u00e9e dans la Tavolara depuis Golfo Aranci<\/p>\t\t\t\t<\/div>\n\t\t\t\t<\/div>\n\t\t\t\t<div class=\"elementor-element elementor-element-822a34e elementor-icon-list--layout-traditional elementor-list-item-link-full_width elementor-widget elementor-widget-icon-list\" data-id=\"822a34e\" data-element_type=\"widget\" data-e-type=\"widget\" data-widget_type=\"icon-list.default\">\n\t\t\t\t<div class=\"elementor-widget-container\">\n\t\t\t\t\t\t\t<ul class=\"elementor-icon-list-items\">\n\t\t\t\t\t\t\t<li class=\"elementor-icon-list-item\">\n\t\t\t\t\t\t\t\t\t\t\t<span class=\"elementor-icon-list-icon\">\n\t\t\t\t\t\t\t<i aria-hidden=\"true\" class=\"fas fa-map-marker-alt\"><\/i>\t\t\t\t\t\t<\/span>\n\t\t\t\t\t\t\t\t\t\t<span class=\"elementor-icon-list-text\">d\u00e9part de Golfo Aranci<\/span>\n\t\t\t\t\t\t\t\t\t<\/li>\n\t\t\t\t\t\t<\/ul>\n\t\t\t\t\t\t<\/div>\n\t\t\t\t<\/div>\n\t\t\t\t\t<\/div>\n\t\t\t\t<\/div>\n\t\t<div class=\"elementor-element elementor-element-1ffc75df e-flex e-con-boxed e-con e-parent\" data-id=\"1ffc75df\" data-element_type=\"container\" data-e-type=\"container\" id=\"checkfront-link\" data-settings=\"{&quot;jet_parallax_layout_list&quot;:[]}\">\n\t\t\t\t\t<div class=\"e-con-inner\">\n\t\t<div class=\"elementor-element elementor-element-3387274f e-con-full e-flex e-con e-child\" data-id=\"3387274f\" data-element_type=\"container\" data-e-type=\"container\" data-settings=\"{&quot;jet_parallax_layout_list&quot;:[]}\">\n\t\t<div class=\"elementor-element elementor-element-6d57b771 e-con-full e-flex e-con e-child\" data-id=\"6d57b771\" data-element_type=\"container\" data-e-type=\"container\" data-settings=\"{&quot;jet_parallax_layout_list&quot;:[]}\">\n\t\t\t\t<div class=\"elementor-element elementor-element-7fc9ee00 elementor-widget elementor-widget-shortcode\" data-id=\"7fc9ee00\" data-element_type=\"widget\" data-e-type=\"widget\" data-widget_type=\"shortcode.default\">\n\t\t\t\t<div class=\"elementor-widget-container\">\n\t\t\t\t\t\t\t<div class=\"elementor-shortcode\"><div id=\"countdown-timer\" style=\"        font-size: 14px;        font-family: Inter, sans-serif;        font-weight: 500;        text-align: center;        margin-top: 20px;        background-color: #FFE8ED;        padding: 10px;        border-radius: 5px;    \">Chargement du compte \u00e0 rebours...<\/div><\/div>\n\t\t\t\t\t\t<\/div>\n\t\t\t\t<\/div>\n\t\t\t\t<\/div>\n\t\t\t\t<\/div>\n\t\t\t\t\t<\/div>\n\t\t\t\t<\/div>\n\t\t\t\t<section class=\"elementor-section elementor-top-section elementor-element elementor-element-2bcb49c elementor-section-boxed elementor-section-height-default elementor-section-height-default\" data-id=\"2bcb49c\" data-element_type=\"section\" data-e-type=\"section\" data-settings=\"{&quot;jet_parallax_layout_list&quot;:[]}\">\n\t\t\t\t\t\t<div class=\"elementor-container elementor-column-gap-default\">\n\t\t\t\t\t<div class=\"elementor-column elementor-col-100 elementor-top-column elementor-element elementor-element-f087bbf\" data-id=\"f087bbf\" data-element_type=\"column\" data-e-type=\"column\">\n\t\t\t<div class=\"elementor-widget-wrap elementor-element-populated\">\n\t\t\t\t\t\t<div class=\"elementor-element elementor-element-7b63494 elementor-widget elementor-widget-html\" data-id=\"7b63494\" data-element_type=\"widget\" data-e-type=\"widget\" data-widget_type=\"html.default\">\n\t\t\t\t<div class=\"elementor-widget-container\">\n\t\t\t\t\t<script type=\"text\/javascript\" src=\"\/\/yepsea.checkfront.com\/lib\/interface--0.js\"><\/script>\r\n<!-- CHECKFRONT BOOKING PLUGIN v25-->\r\n<div id=\"CHECKFRONT_WIDGET_01\"><p id=\"CHECKFRONT_LOADER\" style=\"background: url('\/\/yepsea.checkfront.com\/images\/loader.gif') left center no-repeat; padding: 5px 5px 5px 20px\">Recherche de disponibilit\u00e9...<\/p><\/div>\r\n<script>\r\nnew DROPLET.Widget ({\r\nhost: 'yepsea.checkfront.com',\r\ntarget: 'CHECKFRONT_WIDGET_01',\r\nitem_id: '2',\r\nlocale_id: 'en_GB',\r\ncategory_id: '1',\r\noptions: 'tabs,hidesearch',\r\nprovider: 'droplet'\r\n}).render();\r\n<\/script>\t\t\t\t<\/div>\n\t\t\t\t<\/div>\n\t\t\t\t\t<\/div>\n\t\t<\/div>\n\t\t\t\t\t<\/div>\n\t\t<\/section>\n\t\t<div class=\"elementor-element elementor-element-f68d086 e-flex e-con-boxed e-con e-parent\" data-id=\"f68d086\" data-element_type=\"container\" data-e-type=\"container\" data-settings=\"{&quot;jet_parallax_layout_list&quot;:[]}\">\n\t\t\t\t\t<div class=\"e-con-inner\">\n\t\t\t\t<div class=\"elementor-element elementor-element-6ee050e elementor-icon-list--layout-traditional elementor-list-item-link-full_width elementor-widget elementor-widget-icon-list\" data-id=\"6ee050e\" data-element_type=\"widget\" data-e-type=\"widget\" data-widget_type=\"icon-list.default\">\n\t\t\t\t<div class=\"elementor-widget-container\">\n\t\t\t\t\t\t\t<ul class=\"elementor-icon-list-items\">\n\t\t\t\t\t\t\t<li class=\"elementor-icon-list-item\">\n\t\t\t\t\t\t\t\t\t\t\t<a href=\"#elementor-action%3Aaction%3Dpopup%3Aopen%26settings%3DeyJpZCI6IjU5MjMiLCJ0b2dnbGUiOmZhbHNlfQ%3D%3D\">\n\n\t\t\t\t\t\t\t\t\t\t\t\t<span class=\"elementor-icon-list-icon\">\n\t\t\t\t\t\t\t<i aria-hidden=\"true\" class=\"fas fa-check\"><\/i>\t\t\t\t\t\t<\/span>\n\t\t\t\t\t\t\t\t\t\t<span class=\"elementor-icon-list-text\">Annulation gratuite. <u><i>En savoir plus<\/i><\/u><\/span>\n\t\t\t\t\t\t\t\t\t\t\t<\/a>\n\t\t\t\t\t\t\t\t\t<\/li>\n\t\t\t\t\t\t\t\t<li class=\"elementor-icon-list-item\">\n\t\t\t\t\t\t\t\t\t\t\t<span class=\"elementor-icon-list-icon\">\n\t\t\t\t\t\t\t<i aria-hidden=\"true\" class=\"fas fa-check\"><\/i>\t\t\t\t\t\t<\/span>\n\t\t\t\t\t\t\t\t\t\t<span class=\"elementor-icon-list-text\">Confirmation imm\u00e9diate de la r\u00e9servation<\/span>\n\t\t\t\t\t\t\t\t\t<\/li>\n\t\t\t\t\t\t\t\t<li class=\"elementor-icon-list-item\">\n\t\t\t\t\t\t\t\t\t\t\t<span class=\"elementor-icon-list-icon\">\n\t\t\t\t\t\t\t<i aria-hidden=\"true\" class=\"fas fa-check\"><\/i>\t\t\t\t\t\t<\/span>\n\t\t\t\t\t\t\t\t\t\t<span class=\"elementor-icon-list-text\">Pas besoin d'imprimer<\/span>\n\t\t\t\t\t\t\t\t\t<\/li>\n\t\t\t\t\t\t<\/ul>\n\t\t\t\t\t\t<\/div>\n\t\t\t\t<\/div>\n\t\t<div class=\"elementor-element elementor-element-8581603 e-con-full e-flex e-con e-child\" data-id=\"8581603\" data-element_type=\"container\" data-e-type=\"container\" data-settings=\"{&quot;jet_parallax_layout_list&quot;:[]}\">\n\t\t\t\t<div class=\"elementor-element elementor-element-4304915 elementor-widget elementor-widget-heading\" data-id=\"4304915\" data-element_type=\"widget\" data-e-type=\"widget\" data-widget_type=\"heading.default\">\n\t\t\t\t<div class=\"elementor-widget-container\">\n\t\t\t\t\t<p class=\"elementor-heading-title elementor-size-default\">Point de d\u00e9part<\/p>\t\t\t\t<\/div>\n\t\t\t\t<\/div>\n\t\t\t\t<div class=\"elementor-element elementor-element-aca02ed elementor-widget elementor-widget-template\" data-id=\"aca02ed\" data-element_type=\"widget\" data-e-type=\"widget\" data-widget_type=\"template.default\">\n\t\t\t\t<div class=\"elementor-widget-container\">\n\t\t\t\t\t\t\t<div class=\"elementor-template\">\n\t\t\t\t\t<div data-elementor-type=\"section\" data-elementor-id=\"5814\" class=\"elementor elementor-5814\" data-elementor-post-type=\"elementor_library\">\n\t\t\t\t\t<section class=\"elementor-section elementor-top-section elementor-element elementor-element-d897f8f elementor-section-boxed elementor-section-height-default elementor-section-height-default\" data-id=\"d897f8f\" data-element_type=\"section\" data-e-type=\"section\" data-settings=\"{&quot;jet_parallax_layout_list&quot;:[]}\">\n\t\t\t\t\t\t<div class=\"elementor-container elementor-column-gap-default\">\n\t\t\t\t\t<div class=\"elementor-column elementor-col-100 elementor-top-column elementor-element elementor-element-6584ee3\" data-id=\"6584ee3\" data-element_type=\"column\" data-e-type=\"column\">\n\t\t\t<div class=\"elementor-widget-wrap elementor-element-populated\">\n\t\t\t\t\t\t<div class=\"elementor-element elementor-element-75ee5c1 elementor-widget elementor-widget-html\" data-id=\"75ee5c1\" data-element_type=\"widget\" data-e-type=\"widget\" data-widget_type=\"html.default\">\n\t\t\t\t<div class=\"elementor-widget-container\">\n\t\t\t\t\t<iframe src=\"https:\/\/www.google.com\/maps\/d\/u\/0\/embed?mid=1KqLG9WmMKYWkTmKiiOydX8Jn8t19xHU&ehbc=2E312F\" width=\"640\" height=\"480\"><\/iframe>\t\t\t\t<\/div>\n\t\t\t\t<\/div>\n\t\t\t\t\t<\/div>\n\t\t<\/div>\n\t\t\t\t\t<\/div>\n\t\t<\/section>\n\t\t\t\t<\/div>\n\t\t\t\t<\/div>\n\t\t\t\t\t\t<\/div>\n\t\t\t\t<\/div>\n\t\t\t\t<\/div>\n\t\t\t\t\t<\/div>\n\t\t\t\t<\/div>\n\t\t<div class=\"elementor-element elementor-element-8d55176 e-flex e-con-boxed e-con e-parent\" data-id=\"8d55176\" data-element_type=\"container\" data-e-type=\"container\" data-settings=\"{&quot;jet_parallax_layout_list&quot;:[],&quot;background_background&quot;:&quot;classic&quot;}\">\n\t\t\t\t\t<div class=\"e-con-inner\">\n\t\t\t\t<div class=\"elementor-element elementor-element-1385512c elementor-widget elementor-widget-heading\" data-id=\"1385512c\" data-element_type=\"widget\" data-e-type=\"widget\" data-widget_type=\"heading.default\">\n\t\t\t\t<div class=\"elementor-widget-container\">\n\t\t\t\t\t<p class=\"elementor-heading-title elementor-size-default\">vous r\u00e9servez<\/p>\t\t\t\t<\/div>\n\t\t\t\t<\/div>\n\t\t\t\t\t<\/div>\n\t\t\t\t<\/div>\n\t\t<div class=\"elementor-element elementor-element-64469351 e-flex e-con-boxed e-con e-parent\" data-id=\"64469351\" data-element_type=\"container\" data-e-type=\"container\" data-settings=\"{&quot;jet_parallax_layout_list&quot;:[],&quot;background_background&quot;:&quot;classic&quot;}\">\n\t\t\t\t\t<div class=\"e-con-inner\">\n\t\t<div class=\"elementor-element elementor-element-72b7baf2 e-con-full e-flex e-con e-child\" data-id=\"72b7baf2\" data-element_type=\"container\" data-e-type=\"container\" data-settings=\"{&quot;jet_parallax_layout_list&quot;:[],&quot;background_background&quot;:&quot;classic&quot;}\">\n\t\t<div class=\"elementor-element elementor-element-76b02ed9 e-con-full e-flex e-con e-child\" data-id=\"76b02ed9\" data-element_type=\"container\" data-e-type=\"container\" data-settings=\"{&quot;background_background&quot;:&quot;classic&quot;,&quot;jet_parallax_layout_list&quot;:[]}\">\n\t\t\t\t<div class=\"elementor-element elementor-element-31722e69 elementor-widget elementor-widget-spacer\" data-id=\"31722e69\" data-element_type=\"widget\" data-e-type=\"widget\" data-widget_type=\"spacer.default\">\n\t\t\t\t<div class=\"elementor-widget-container\">\n\t\t\t\t\t\t\t<div class=\"elementor-spacer\">\n\t\t\t<div class=\"elementor-spacer-inner\"><\/div>\n\t\t<\/div>\n\t\t\t\t\t\t<\/div>\n\t\t\t\t<\/div>\n\t\t\t\t<\/div>\n\t\t<div class=\"elementor-element elementor-element-25cc66d6 e-con-full e-flex e-con e-child\" data-id=\"25cc66d6\" data-element_type=\"container\" data-e-type=\"container\" data-settings=\"{&quot;jet_parallax_layout_list&quot;:[],&quot;background_background&quot;:&quot;classic&quot;}\">\n\t\t\t\t<div class=\"elementor-element elementor-element-9177409 elementor-widget elementor-widget-heading\" data-id=\"9177409\" data-element_type=\"widget\" data-e-type=\"widget\" data-widget_type=\"heading.default\">\n\t\t\t\t<div class=\"elementor-widget-container\">\n\t\t\t\t\t<p class=\"elementor-heading-title elementor-size-default\">Plong\u00e9e en apn\u00e9e dans la Tavolara depuis Golfo Aranci<\/p>\t\t\t\t<\/div>\n\t\t\t\t<\/div>\n\t\t\t\t<\/div>\n\t\t\t\t<\/div>\n\t\t\t\t\t<\/div>\n\t\t\t\t<\/div>\n\t\t<div class=\"elementor-element elementor-element-1777a3ce e-flex e-con-boxed e-con e-parent\" data-id=\"1777a3ce\" data-element_type=\"container\" data-e-type=\"container\" data-settings=\"{&quot;background_background&quot;:&quot;classic&quot;,&quot;jet_parallax_layout_list&quot;:[]}\">\n\t\t\t\t\t<div class=\"e-con-inner\">\n\t\t\t\t<div class=\"elementor-element elementor-element-3333f879 elementor-widget elementor-widget-theme-site-logo elementor-widget-image\" data-id=\"3333f879\" data-element_type=\"widget\" data-e-type=\"widget\" data-widget_type=\"theme-site-logo.default\">\n\t\t\t\t<div class=\"elementor-widget-container\">\n\t\t\t\t\t\t\t\t\t\t\t<a href=\"https:\/\/www.dstsardegna.it\/fr\">\n\t\t\t<img fetchpriority=\"high\" decoding=\"async\" width=\"400\" height=\"252\" src=\"https:\/\/www.dstsardegna.it\/wp-content\/uploads\/cropped-Logo-DST-1.png\" class=\"attachment-full size-full wp-image-9091\" alt=\"\" srcset=\"https:\/\/www.dstsardegna.it\/wp-content\/uploads\/cropped-Logo-DST-1.png 400w, https:\/\/www.dstsardegna.it\/wp-content\/uploads\/cropped-Logo-DST-1-300x189.png 300w, https:\/\/www.dstsardegna.it\/wp-content\/uploads\/cropped-Logo-DST-1-18x12.png 18w\" sizes=\"(max-width: 400px) 100vw, 400px\" title=\"\">\t\t\t\t<\/a>\n\t\t\t\t\t\t\t\t\t\t\t<\/div>\n\t\t\t\t<\/div>\n\t\t\t\t\t<\/div>\n\t\t\t\t<\/div>\n\t\t\t\t<\/div>","protected":false},"excerpt":{"rendered":"<p>Retour d\u00e9part de Golfo Aranci Recherche de disponibilit\u00e9... Recherche de disponibilit\u00e9... Annulation gratuite. En savoir plus Confirmation instantan\u00e9e de la r\u00e9servation Pas besoin d'imprimer Point de d\u00e9part que vous r\u00e9servez<\/p>","protected":false},"author":1,"featured_media":3911,"parent":6932,"menu_order":0,"comment_status":"closed","ping_status":"closed","template":"elementor_canvas","meta":{"footnotes":""},"class_list":["post-9626","page","type-page","status-publish","has-post-thumbnail","hentry"],"_links":{"self":[{"href":"https:\/\/www.dstsardegna.it\/fr\/wp-json\/wp\/v2\/pages\/9626","targetHints":{"allow":["GET"]}}],"collection":[{"href":"https:\/\/www.dstsardegna.it\/fr\/wp-json\/wp\/v2\/pages"}],"about":[{"href":"https:\/\/www.dstsardegna.it\/fr\/wp-json\/wp\/v2\/types\/page"}],"author":[{"embeddable":true,"href":"https:\/\/www.dstsardegna.it\/fr\/wp-json\/wp\/v2\/users\/1"}],"replies":[{"embeddable":true,"href":"https:\/\/www.dstsardegna.it\/fr\/wp-json\/wp\/v2\/comments?post=9626"}],"version-history":[{"count":0,"href":"https:\/\/www.dstsardegna.it\/fr\/wp-json\/wp\/v2\/pages\/9626\/revisions"}],"up":[{"embeddable":true,"href":"https:\/\/www.dstsardegna.it\/fr\/wp-json\/wp\/v2\/pages\/6932"}],"wp:featuredmedia":[{"embeddable":true,"href":"https:\/\/www.dstsardegna.it\/fr\/wp-json\/wp\/v2\/media\/3911"}],"wp:attachment":[{"href":"https:\/\/www.dstsardegna.it\/fr\/wp-json\/wp\/v2\/media?parent=9626"}],"curies":[{"name":"wp","href":"https:\/\/api.w.org\/{rel}","templated":true}]}}