{"id":9006,"date":"2024-01-31T12:51:40","date_gmt":"2024-01-31T11:51:40","guid":{"rendered":"https:\/\/dstsardegna.it\/?page_id=9006"},"modified":"2024-01-31T13:07:21","modified_gmt":"2024-01-31T12:07:21","slug":"politica-de-privacidad","status":"publish","type":"page","link":"https:\/\/www.dstsardegna.it\/es\/privacy-policy\/","title":{"rendered":"Pol\u00edtica de privacidad"},"content":{"rendered":"<h2 class=\"wp-block-heading\"><\/h2>\r\n<h2 class=\"wp-block-heading\"><\/h2>\r\n<h2 class=\"wp-block-heading\">Pol\u00edtica de privacidad de www.dstsardegna.it<\/h2>\r\n<p>Esta Pol\u00edtica de Privacidad describe las pol\u00edticas de:<br \/>Buceo Snorkel Equipo Cerde\u00f1a<br>\r\nUbicaci\u00f3n Sos Aranzos c\/o Hotel Baia Aranzos<br>\r\n07020 Golfo Aranci (SS)<br \/>info@dstsardegna.it<br \/><br \/>sobre la recogida, uso y divulgaci\u00f3n de la informaci\u00f3n que recopilamos cuando usted utiliza nuestro sitio web ( www.dstsardegna.it). (el Servicio). Al acceder o utilizar el Servicio, usted da su consentimiento a la recogida, uso y divulgaci\u00f3n de su informaci\u00f3n de acuerdo con esta Pol\u00edtica de Privacidad. Si no da su consentimiento, le rogamos que no acceda al Servicio ni lo utilice. Podemos cambiar esta Pol\u00edtica de Privacidad en cualquier momento sin previo aviso y publicaremos la Pol\u00edtica de Privacidad revisada en el Servicio. La Pol\u00edtica de Privacidad revisada entrar\u00e1 en vigor 180 d\u00edas despu\u00e9s de su publicaci\u00f3n en el Servicio, y su acceso o uso continuado del Servicio despu\u00e9s de ese per\u00edodo constituir\u00e1 su aceptaci\u00f3n de la Pol\u00edtica de Privacidad revisada. Por lo tanto, le recomendamos que revise esta p\u00e1gina peri\u00f3dicamente.<\/p>\r\n<ol class=\"privacy-policy-ol\">\r\n<li>\r\n<h2 class=\"privacy-policy-h2\">Informaci\u00f3n que recopilamos:<\/h2>\r\n<p class=\"privacy-policy-p\">Recopilaremos y procesaremos la siguiente informaci\u00f3n personal sobre usted:<\/p>\r\n<ol class=\"privacy-policy-ol\">\r\n<li>Nombre<\/li>\r\n<li>Correo electr\u00f3nico<\/li>\r\n<li>Tel\u00e9fono<\/li>\r\n<\/ol>\r\n<\/li>\r\n<li>\r\n<h2 class=\"privacy-policy-h2\">C\u00f3mo utilizamos su informaci\u00f3n:<\/h2>\r\n<p class=\"privacy-policy-p\">Utilizaremos la informaci\u00f3n que recopilemos sobre usted para los siguientes fines:<\/p>\r\n<ol class=\"privacy-policy-ol\">\r\n<li>Responder al formulario de contacto<\/li>\r\n<\/ol>\r\n<p class=\"privacy-policy-p\">Si deseamos utilizar su informaci\u00f3n para cualquier otro prop\u00f3sito, le pediremos su consentimiento y utilizaremos su informaci\u00f3n s\u00f3lo despu\u00e9s de haber recibido su consentimiento y entonces s\u00f3lo para los fines para los que usted dio su consentimiento a menos que estemos obligados a hacer otra cosa por ley.<\/p>\r\n<\/li>\r\n<li>\r\n<h2 class=\"privacy-policy-h2\">Conservaci\u00f3n de su informaci\u00f3n:<\/h2>\r\n<p class=\"privacy-policy-p\">Conservaremos sus datos personales entre 90 d\u00edas y 2 a\u00f1os despu\u00e9s del cierre de su cuenta o durante el tiempo necesario para cumplir los fines para los que fueron recogidos, tal como se detalla en la presente Pol\u00edtica de Privacidad. Es posible que necesitemos conservar cierta informaci\u00f3n durante periodos m\u00e1s largos, como el mantenimiento de registros\/informes de acuerdo con la legislaci\u00f3n aplicable o por otras razones leg\u00edtimas como el cumplimiento de derechos legales, la prevenci\u00f3n del fraude, etc. La informaci\u00f3n an\u00f3nima residual y la informaci\u00f3n agregada, ninguna de las cuales le identifica (directa o indirectamente), pueden conservarse indefinidamente.<\/p>\r\n<\/li>\r\n<li>\r\n<h2 class=\"privacy-policy-h2\">Sus derechos:<\/h2>\r\n<p>Dependiendo de la legislaci\u00f3n aplicable, usted puede tener derecho a acceder y rectificar o borrar sus datos personales o recibir una copia de sus datos personales, limitar u oponerse al tratamiento activo de sus datos, pedirnos que compartamos (llevemos) la informaci\u00f3n de sus datos personales a otra entidad, revocar cualquier consentimiento que nos haya dado para tratar sus datos, derecho a presentar una reclamaci\u00f3n ante una autoridad legal y otros derechos que puedan ser pertinentes en virtud de la legislaci\u00f3n aplicable. Para ejercer estos derechos puede escribirnos a: info@dstsardegna.it Responderemos a su solicitud de conformidad con la legislaci\u00f3n aplicable. Tenga en cuenta que si no nos autoriza a recabar o tratar los datos personales solicitados o retira su consentimiento para tratarlos con los fines solicitados, es posible que no pueda acceder o utilizar los servicios para los que se solicitaron sus datos.<\/p>\r\n<\/li>\r\n<li>\r\n<h2 class=\"privacy-policy-h2\">Cookies Etc.<\/h2>\r\n<p>Para obtener m\u00e1s informaci\u00f3n sobre c\u00f3mo las utilizamos y sus opciones en relaci\u00f3n con estas tecnolog\u00edas de rastreo, consulte nuestro\u00a0 <a href=\"\/es\/politica-de-cookies\/\">Pol\u00edtica de cookies<\/a>.<\/p>\r\n<\/li>\r\n<li>\r\n<h2 class=\"privacy-policy-h2\">Seguridad:<\/h2>\r\n<p class=\"privacy-policy-p\">La seguridad de su informaci\u00f3n es importante para nosotros y utilizaremos medidas de seguridad razonables para evitar la p\u00e9rdida, el uso indebido o la alteraci\u00f3n no autorizada de su informaci\u00f3n bajo nuestro control. No obstante, debido a los riesgos inherentes, no podemos garantizar una seguridad absoluta y, por lo tanto, no podemos asegurar ni garantizar la seguridad de ninguna informaci\u00f3n que nos transmita y usted lo hace por su cuenta y riesgo.<\/p>\r\n<\/li>\r\n<li>\r\n<h2 class=\"privacy-policy-h2\">Responsable de reclamaciones\/protecci\u00f3n de datos:<\/h2>\r\n<p class=\"privacy-policy-p\">Si tiene alguna pregunta o duda sobre el tratamiento de la informaci\u00f3n de que disponemos, puede enviar un correo electr\u00f3nico a nuestro gestor de reclamaciones a la direcci\u00f3n <br \/>Buceo Snorkel Equipo Cerde\u00f1a<br>\r\nUbicaci\u00f3n Sos Aranzos c\/o Hotel Baia Aranzos<br>\r\n07020 Golfo Aranci (SS)<br \/>info@dstsardegna.it<\/p>\r\n<\/li>\r\n<li>\r\n<p class=\"privacy-policy-p\">Abordaremos sus preocupaciones de conformidad con la legislaci\u00f3n aplicable.<\/p>\r\n<\/li>\r\n<\/ol>\r\n<p><\/p>","protected":false},"excerpt":{"rendered":"","protected":false},"author":1,"featured_media":0,"parent":0,"menu_order":0,"comment_status":"closed","ping_status":"closed","template":"","meta":{"footnotes":""},"class_list":["post-9006","page","type-page","status-publish","hentry"],"_links":{"self":[{"href":"https:\/\/www.dstsardegna.it\/es\/wp-json\/wp\/v2\/pages\/9006","targetHints":{"allow":["GET"]}}],"collection":[{"href":"https:\/\/www.dstsardegna.it\/es\/wp-json\/wp\/v2\/pages"}],"about":[{"href":"https:\/\/www.dstsardegna.it\/es\/wp-json\/wp\/v2\/types\/page"}],"author":[{"embeddable":true,"href":"https:\/\/www.dstsardegna.it\/es\/wp-json\/wp\/v2\/users\/1"}],"replies":[{"embeddable":true,"href":"https:\/\/www.dstsardegna.it\/es\/wp-json\/wp\/v2\/comments?post=9006"}],"version-history":[{"count":0,"href":"https:\/\/www.dstsardegna.it\/es\/wp-json\/wp\/v2\/pages\/9006\/revisions"}],"wp:attachment":[{"href":"https:\/\/www.dstsardegna.it\/es\/wp-json\/wp\/v2\/media?parent=9006"}],"curies":[{"name":"wp","href":"https:\/\/api.w.org\/{rel}","templated":true}]}}