{"id":7343,"date":"2023-03-23T13:50:58","date_gmt":"2023-03-23T13:50:58","guid":{"rendered":"https:\/\/dstsardegna.it\/?page_id=7343"},"modified":"2024-02-01T15:38:51","modified_gmt":"2024-02-01T14:38:51","slug":"partner","status":"publish","type":"page","link":"https:\/\/www.dstsardegna.it\/es\/partner\/","title":{"rendered":"Socios"},"content":{"rendered":"<div data-elementor-type=\"wp-post\" data-elementor-id=\"7343\" class=\"elementor elementor-7343\" data-elementor-post-type=\"page\">\n\t\t\t\t\t\t<section class=\"elementor-section elementor-top-section elementor-element elementor-element-96eade1 elementor-section-content-middle elementor-section-boxed elementor-section-height-default elementor-section-height-default\" data-id=\"96eade1\" data-element_type=\"section\" data-e-type=\"section\" data-settings=\"{&quot;jet_parallax_layout_list&quot;:[],&quot;background_background&quot;:&quot;classic&quot;}\">\n\t\t\t\t\t\t<div class=\"elementor-container elementor-column-gap-default\">\n\t\t\t\t\t<div class=\"elementor-column elementor-col-100 elementor-top-column elementor-element elementor-element-ad5a799\" data-id=\"ad5a799\" data-element_type=\"column\" data-e-type=\"column\">\n\t\t\t<div class=\"elementor-widget-wrap elementor-element-populated\">\n\t\t\t\t\t\t<div class=\"elementor-element elementor-element-cac8dda elementor-widget elementor-widget-heading\" data-id=\"cac8dda\" data-element_type=\"widget\" data-e-type=\"widget\" data-widget_type=\"heading.default\">\n\t\t\t\t<div class=\"elementor-widget-container\">\n\t\t\t\t\t<h1 class=\"elementor-heading-title elementor-size-large\">SOCIO<\/h1>\t\t\t\t<\/div>\n\t\t\t\t<\/div>\n\t\t\t\t<div class=\"elementor-element elementor-element-03751ef elementor-widget elementor-widget-heading\" data-id=\"03751ef\" data-element_type=\"widget\" data-e-type=\"widget\" data-widget_type=\"heading.default\">\n\t\t\t\t<div class=\"elementor-widget-container\">\n\t\t\t\t\t<h2 class=\"elementor-heading-title elementor-size-default\">Empresas colaboradoras<\/h2>\t\t\t\t<\/div>\n\t\t\t\t<\/div>\n\t\t\t\t\t<\/div>\n\t\t<\/div>\n\t\t\t\t\t<\/div>\n\t\t<\/section>\n\t\t\t\t<section class=\"elementor-section elementor-top-section elementor-element elementor-element-cee2926 elementor-section-boxed elementor-section-height-default elementor-section-height-default\" data-id=\"cee2926\" data-element_type=\"section\" data-e-type=\"section\" data-settings=\"{&quot;jet_parallax_layout_list&quot;:[]}\">\n\t\t\t\t\t\t<div class=\"elementor-container elementor-column-gap-default\">\n\t\t\t\t\t<div class=\"elementor-column elementor-col-100 elementor-top-column elementor-element elementor-element-55f6f65\" data-id=\"55f6f65\" data-element_type=\"column\" data-e-type=\"column\">\n\t\t\t<div class=\"elementor-widget-wrap elementor-element-populated\">\n\t\t\t\t\t\t<div class=\"elementor-element elementor-element-a606627 elementor-position-left elementor-vertical-align-top elementor-widget elementor-widget-image-box\" data-id=\"a606627\" data-element_type=\"widget\" data-e-type=\"widget\" data-widget_type=\"image-box.default\">\n\t\t\t\t<div class=\"elementor-widget-container\">\n\t\t\t\t\t<div class=\"elementor-image-box-wrapper\"><figure class=\"elementor-image-box-img\"><img decoding=\"async\" width=\"189\" height=\"244\" src=\"https:\/\/www.dstsardegna.it\/wp-content\/uploads\/2019\/06\/Logo-PADI-1.png\" class=\"attachment-full size-full wp-image-2508\" alt=\"\" title=\"\"><\/figure><div class=\"elementor-image-box-content\"><h3 class=\"elementor-image-box-title\">Padi<\/h3><p class=\"elementor-image-box-description\">DST Sardegna es un PADI Dive Resort que te permite realizar un curso de buceo y obtener la patente PADI en el espl\u00e9ndido entorno de Tavolara, Molara, Golfo Aranci y la Isla de Figarolo<\/p><\/div><\/div>\t\t\t\t<\/div>\n\t\t\t\t<\/div>\n\t\t\t\t\t<\/div>\n\t\t<\/div>\n\t\t\t\t\t<\/div>\n\t\t<\/section>\n\t\t\t\t<section class=\"elementor-section elementor-top-section elementor-element elementor-element-43aeeea elementor-section-boxed elementor-section-height-default elementor-section-height-default\" data-id=\"43aeeea\" data-element_type=\"section\" data-e-type=\"section\" data-settings=\"{&quot;jet_parallax_layout_list&quot;:[]}\">\n\t\t\t\t\t\t<div class=\"elementor-container elementor-column-gap-default\">\n\t\t\t\t\t<div class=\"elementor-column elementor-col-100 elementor-top-column elementor-element elementor-element-107ae3d\" data-id=\"107ae3d\" data-element_type=\"column\" data-e-type=\"column\">\n\t\t\t<div class=\"elementor-widget-wrap elementor-element-populated\">\n\t\t\t\t\t\t<div class=\"elementor-element elementor-element-9f31f83 elementor-position-left elementor-vertical-align-top elementor-widget elementor-widget-image-box\" data-id=\"9f31f83\" data-element_type=\"widget\" data-e-type=\"widget\" data-widget_type=\"image-box.default\">\n\t\t\t\t<div class=\"elementor-widget-container\">\n\t\t\t\t\t<div class=\"elementor-image-box-wrapper\"><figure class=\"elementor-image-box-img\"><img decoding=\"async\" width=\"163\" height=\"120\" src=\"https:\/\/www.dstsardegna.it\/wp-content\/uploads\/Worldrise.png\" class=\"attachment-full size-full wp-image-5978\" alt=\"Worldrise DST\" title=\"\" srcset=\"https:\/\/www.dstsardegna.it\/wp-content\/uploads\/Worldrise.png 163w, https:\/\/www.dstsardegna.it\/wp-content\/uploads\/Worldrise-16x12.png 16w\" sizes=\"(max-width: 163px) 100vw, 163px\" \/><\/figure><div class=\"elementor-image-box-content\"><h2 class=\"elementor-image-box-title\">Worldrise<\/h2><p class=\"elementor-image-box-description\">DST Sardegna se une al proyecto de \u201cil Golfo dei Delfini\u201d, que transforma la actividad de avistamiento en ecol\u00f3gica. Por lo tanto, respetamos un c\u00f3digo de conducta que hace que la actividad sostenible se base en directrices internacionales adaptadas a la realidad local. Los operadores tambi\u00e9n est\u00e1n capacitados para proveer educaci\u00f3n sobre ecolog\u00eda y delfines durante el avistamiento para promover la educaci\u00f3n y la conciencia de los turistas hacia estas maravillosas criaturas.\u00a0<\/p><\/div><\/div>\t\t\t\t<\/div>\n\t\t\t\t<\/div>\n\t\t\t\t\t<\/div>\n\t\t<\/div>\n\t\t\t\t\t<\/div>\n\t\t<\/section>\n\t\t\t\t<section class=\"elementor-section elementor-top-section elementor-element elementor-element-f21c69b elementor-section-boxed elementor-section-height-default elementor-section-height-default\" data-id=\"f21c69b\" data-element_type=\"section\" data-e-type=\"section\" data-settings=\"{&quot;jet_parallax_layout_list&quot;:[]}\">\n\t\t\t\t\t\t<div class=\"elementor-container elementor-column-gap-default\">\n\t\t\t\t\t<div class=\"elementor-column elementor-col-100 elementor-top-column elementor-element elementor-element-3d83835\" data-id=\"3d83835\" data-element_type=\"column\" data-e-type=\"column\">\n\t\t\t<div class=\"elementor-widget-wrap elementor-element-populated\">\n\t\t\t\t\t\t<div class=\"elementor-element elementor-element-64fdffd elementor-position-left elementor-vertical-align-top elementor-widget elementor-widget-image-box\" data-id=\"64fdffd\" data-element_type=\"widget\" data-e-type=\"widget\" data-widget_type=\"image-box.default\">\n\t\t\t\t<div class=\"elementor-widget-container\">\n\t\t\t\t\t<div class=\"elementor-image-box-wrapper\"><figure class=\"elementor-image-box-img\"><img decoding=\"async\" width=\"111\" height=\"111\" src=\"https:\/\/www.dstsardegna.it\/wp-content\/uploads\/2019\/05\/logo-fos-big.png\" class=\"attachment-full size-full wp-image-1727\" alt=\"Friend of the Sea\" title=\"\"><\/figure><div class=\"elementor-image-box-content\"><h3 class=\"elementor-image-box-title\">Friend of the Sea <\/h3><p class=\"elementor-image-box-description\">DST Sardegna se adhiere al proyecto Friend of the Sea Dolphin and Whale Watching, la asociaci\u00f3n que define todas las mejores pr\u00e1cticas y comportamientos del proyecto \"Il Golfo dei Delfini\" de Worldrise &amp; Friend of The Sea para realizar la excursi\u00f3n de avistamiento de forma sostenible.<\/p><\/div><\/div>\t\t\t\t<\/div>\n\t\t\t\t<\/div>\n\t\t\t\t\t<\/div>\n\t\t<\/div>\n\t\t\t\t\t<\/div>\n\t\t<\/section>\n\t\t\t\t<section class=\"elementor-section elementor-top-section elementor-element elementor-element-bbc58c3 elementor-section-boxed elementor-section-height-default elementor-section-height-default\" data-id=\"bbc58c3\" data-element_type=\"section\" data-e-type=\"section\" data-settings=\"{&quot;jet_parallax_layout_list&quot;:[]}\">\n\t\t\t\t\t\t<div class=\"elementor-container elementor-column-gap-default\">\n\t\t\t\t\t<div class=\"elementor-column elementor-col-100 elementor-top-column elementor-element elementor-element-afeb7f9\" data-id=\"afeb7f9\" data-element_type=\"column\" data-e-type=\"column\">\n\t\t\t<div class=\"elementor-widget-wrap elementor-element-populated\">\n\t\t\t\t\t\t<div class=\"elementor-element elementor-element-efdaf7f elementor-position-left elementor-vertical-align-top elementor-widget elementor-widget-image-box\" data-id=\"efdaf7f\" data-element_type=\"widget\" data-e-type=\"widget\" data-widget_type=\"image-box.default\">\n\t\t\t\t<div class=\"elementor-widget-container\">\n\t\t\t\t\t<div class=\"elementor-image-box-wrapper\"><figure class=\"elementor-image-box-img\"><img loading=\"lazy\" decoding=\"async\" width=\"512\" height=\"512\" src=\"https:\/\/www.dstsardegna.it\/wp-content\/uploads\/Momondo-logo.png\" class=\"attachment-full size-full wp-image-7351\" alt=\"Momondo\" title=\"\" srcset=\"https:\/\/www.dstsardegna.it\/wp-content\/uploads\/Momondo-logo.png 512w, https:\/\/www.dstsardegna.it\/wp-content\/uploads\/Momondo-logo-300x300.png 300w, https:\/\/www.dstsardegna.it\/wp-content\/uploads\/Momondo-logo-150x150.png 150w, https:\/\/www.dstsardegna.it\/wp-content\/uploads\/Momondo-logo-12x12.png 12w\" sizes=\"(max-width: 512px) 100vw, 512px\" \/><\/figure><div class=\"elementor-image-box-content\"><h3 class=\"elementor-image-box-title\">Momondo<\/h3><p class=\"elementor-image-box-description\">Momondo<\/p><\/div><\/div>\t\t\t\t<\/div>\n\t\t\t\t<\/div>\n\t\t\t\t\t<\/div>\n\t\t<\/div>\n\t\t\t\t\t<\/div>\n\t\t<\/section>\n\t\t\t\t<\/div>","protected":false},"excerpt":{"rendered":"<p>PARTNER Aziende partner Padi DST Sardegna \u00e8 un PADI Dive Resort che ti consente di fare un corso subacqueo e ottenere il brevetto PADI nello splendido contesto di Tavolara, Molara, Golfo Aranci e l\u2019Isola di Figarolo Worldrise DST Sardegna aderisce al progetto il Golfo dei Delfini che\u00a0 trasforma l&#8217;attivit\u00e0 di avvistamento in eco-friendly. Rispettiamo quindi [&hellip;]<\/p>\n","protected":false},"author":1,"featured_media":0,"parent":0,"menu_order":0,"comment_status":"closed","ping_status":"closed","template":"","meta":{"footnotes":""},"class_list":["post-7343","page","type-page","status-publish","hentry"],"_links":{"self":[{"href":"https:\/\/www.dstsardegna.it\/es\/wp-json\/wp\/v2\/pages\/7343","targetHints":{"allow":["GET"]}}],"collection":[{"href":"https:\/\/www.dstsardegna.it\/es\/wp-json\/wp\/v2\/pages"}],"about":[{"href":"https:\/\/www.dstsardegna.it\/es\/wp-json\/wp\/v2\/types\/page"}],"author":[{"embeddable":true,"href":"https:\/\/www.dstsardegna.it\/es\/wp-json\/wp\/v2\/users\/1"}],"replies":[{"embeddable":true,"href":"https:\/\/www.dstsardegna.it\/es\/wp-json\/wp\/v2\/comments?post=7343"}],"version-history":[{"count":0,"href":"https:\/\/www.dstsardegna.it\/es\/wp-json\/wp\/v2\/pages\/7343\/revisions"}],"wp:attachment":[{"href":"https:\/\/www.dstsardegna.it\/es\/wp-json\/wp\/v2\/media?parent=7343"}],"curies":[{"name":"wp","href":"https:\/\/api.w.org\/{rel}","templated":true}]}}